{"id":16,"date":"2012-07-19T12:49:56","date_gmt":"2012-07-19T12:49:56","guid":{"rendered":"http:\/\/www.cssigniter.com\/preview\/aegean\/?page_id=16"},"modified":"2019-09-27T10:10:18","modified_gmt":"2019-09-27T10:10:18","slug":"booking","status":"publish","type":"page","link":"https:\/\/hotel-pina.com\/?page_id=16","title":{"rendered":"CONTACTO"},"content":{"rendered":"<ul>\n<li><span style=\"vertical-align: inherit;\"><span style=\"vertical-align: inherit;\">El HOTEL PI\u00d1A <\/span><\/span><strong><span style=\"vertical-align: inherit;\"><span style=\"vertical-align: inherit;\">se ubica<\/span><\/span><\/strong><span style=\"vertical-align: inherit;\"><span style=\"vertical-align: inherit;\"> en: <\/span><\/span><br \/>\n<span style=\"vertical-align: inherit;\"><span style=\"vertical-align: inherit;\">Ju\u00e1rez 210. Z C. CP 79000. Ciudad Valles. <\/span><span style=\"vertical-align: inherit;\">San Luis Potos\u00ed<\/span><\/span><\/li>\n<li><strong><span style=\"vertical-align: inherit;\"><span style=\"vertical-align: inherit;\">INFORMACI\u00d3N GENERAL<\/span><\/span><\/strong><span style=\"vertical-align: inherit;\"><span style=\"vertical-align: inherit;\"> : <\/span><\/span><a href=\"mailto:info@hotel-pina.com\"><span style=\"vertical-align: inherit;\"><span style=\"vertical-align: inherit;\">info@hotel-pina.com<\/span><\/span><\/a><\/li>\n<li><strong><span style=\"vertical-align: inherit;\"><span style=\"vertical-align: inherit;\">RESERVACIONES:\u00a0 <\/span><\/span><\/strong><a href=\"mailto:reservaciones@hotel-pina.com\"><span style=\"vertical-align: inherit;\"><span style=\"vertical-align: inherit;\">reservaciones@hotel-pina.com<\/span><\/span><\/a><\/li>\n<li><strong><span style=\"vertical-align: inherit;\"><span style=\"vertical-align: inherit;\">TEL\u00c9FONOS:<\/span><\/span><\/strong><span style=\"vertical-align: inherit;\"><span style=\"vertical-align: inherit;\"> \u00a0(481) 38 201 83, 38 244 61, 38 12902 y 38 12903<\/span><\/span><\/li>\n<\/ul>\n","protected":false},"excerpt":{"rendered":"<p>El HOTEL PI\u00d1A se ubica en: Ju\u00e1rez 210. Z C. CP 79000. Ciudad Valles. San Luis Potos\u00ed INFORMACI\u00d3N GENERAL : info@hotel-pina.com RESERVACIONES:\u00a0 reservaciones@hotel-pina.com TEL\u00c9FONOS: \u00a0(481) 38 201 83, 38 244 61, 38 12902 y 38 12903<\/p>\n","protected":false},"author":1,"featured_media":0,"parent":0,"menu_order":0,"comment_status":"open","ping_status":"open","template":"template-booking.php","meta":[],"_links":{"self":[{"href":"https:\/\/hotel-pina.com\/index.php?rest_route=\/wp\/v2\/pages\/16"}],"collection":[{"href":"https:\/\/hotel-pina.com\/index.php?rest_route=\/wp\/v2\/pages"}],"about":[{"href":"https:\/\/hotel-pina.com\/index.php?rest_route=\/wp\/v2\/types\/page"}],"author":[{"embeddable":true,"href":"https:\/\/hotel-pina.com\/index.php?rest_route=\/wp\/v2\/users\/1"}],"replies":[{"embeddable":true,"href":"https:\/\/hotel-pina.com\/index.php?rest_route=%2Fwp%2Fv2%2Fcomments&post=16"}],"version-history":[{"count":9,"href":"https:\/\/hotel-pina.com\/index.php?rest_route=\/wp\/v2\/pages\/16\/revisions"}],"predecessor-version":[{"id":344,"href":"https:\/\/hotel-pina.com\/index.php?rest_route=\/wp\/v2\/pages\/16\/revisions\/344"}],"wp:attachment":[{"href":"https:\/\/hotel-pina.com\/index.php?rest_route=%2Fwp%2Fv2%2Fmedia&parent=16"}],"curies":[{"name":"wp","href":"https:\/\/api.w.org\/{rel}","templated":true}]}}