{"id":20,"date":"2012-07-19T12:50:27","date_gmt":"2012-07-19T12:50:27","guid":{"rendered":"http:\/\/www.cssigniter.com\/preview\/aegean\/?page_id=20"},"modified":"2014-04-08T00:40:16","modified_gmt":"2014-04-08T00:40:16","slug":"blog","status":"publish","type":"page","link":"http:\/\/hotel-pina.com\/?page_id=20","title":{"rendered":"Historia"},"content":{"rendered":"<p>Viniendo de una larga tradici\u00f3n. El Hotel Pi\u00f1a abre sus puertas d\u00e9cadas atr\u00e1s brindando un espacio de hospedaje a los viajes en el coraz\u00f3n de Ciudad Valles. Durante todo este proceso, a la actualidad, se ha ido reestructurando para ofrecerle siempre a sus hospedados los servicios m\u00e1s nuevos y las mayores comodidades.<\/p>\n<p>El Hotel Pi\u00f1a cuenta tambi\u00e9n con un Restaurante de comida Huasteca principalmente, en el que podr\u00e1s deleitar tu paladar.<\/p>\n<p>As\u00ed mismo, el hotel pi\u00f1a cuenta con diferentes paquetes para los viajeros que podr\u00e1s consultar en est\u00e1 p\u00e1gina en el men\u00fa de Paquetes y Novedades.<\/p>\n","protected":false},"excerpt":{"rendered":"<p>Viniendo de una larga tradici\u00f3n. El Hotel Pi\u00f1a abre sus puertas d\u00e9cadas atr\u00e1s brindando un espacio de hospedaje a los viajes en el coraz\u00f3n de Ciudad Valles. Durante todo este proceso, a la actualidad, se ha ido reestructurando para ofrecerle siempre a sus hospedados los servicios m\u00e1s nuevos y las[&#8230;]<\/p>\n","protected":false},"author":1,"featured_media":292,"parent":0,"menu_order":0,"comment_status":"open","ping_status":"open","template":"","meta":[],"_links":{"self":[{"href":"http:\/\/hotel-pina.com\/index.php?rest_route=\/wp\/v2\/pages\/20"}],"collection":[{"href":"http:\/\/hotel-pina.com\/index.php?rest_route=\/wp\/v2\/pages"}],"about":[{"href":"http:\/\/hotel-pina.com\/index.php?rest_route=\/wp\/v2\/types\/page"}],"author":[{"embeddable":true,"href":"http:\/\/hotel-pina.com\/index.php?rest_route=\/wp\/v2\/users\/1"}],"replies":[{"embeddable":true,"href":"http:\/\/hotel-pina.com\/index.php?rest_route=%2Fwp%2Fv2%2Fcomments&post=20"}],"version-history":[{"count":3,"href":"http:\/\/hotel-pina.com\/index.php?rest_route=\/wp\/v2\/pages\/20\/revisions"}],"predecessor-version":[{"id":294,"href":"http:\/\/hotel-pina.com\/index.php?rest_route=\/wp\/v2\/pages\/20\/revisions\/294"}],"wp:featuredmedia":[{"embeddable":true,"href":"http:\/\/hotel-pina.com\/index.php?rest_route=\/wp\/v2\/media\/292"}],"wp:attachment":[{"href":"http:\/\/hotel-pina.com\/index.php?rest_route=%2Fwp%2Fv2%2Fmedia&parent=20"}],"curies":[{"name":"wp","href":"https:\/\/api.w.org\/{rel}","templated":true}]}}